{"id":114450,"date":"2024-06-09T08:09:50","date_gmt":"2024-06-09T06:09:50","guid":{"rendered":"https:\/\/www.buss-ct.com\/?page_id=114450"},"modified":"2026-01-23T16:16:57","modified_gmt":"2026-01-23T15:16:57","slug":"projecktingenieur-in-100-standort-pratteln","status":"publish","type":"page","link":"https:\/\/www.buss-ct.com\/de\/karriere\/projecktingenieur-in-100-standort-pratteln\/","title":{"rendered":"Projecktingenieur\/In, 100%, Standort Pratteln"},"content":{"rendered":"<p>[et_pb_section fb_built=&#8220;1&#8243; fullwidth=&#8220;on&#8220; _builder_version=&#8220;4.24.0&#8243; _module_preset=&#8220;default&#8220; max_height=&#8220;175px&#8220; max_height_tablet=&#8220;125px&#8220; max_height_phone=&#8220;100px&#8220; max_height_last_edited=&#8220;on|tablet&#8220; global_colors_info=&#8220;{}&#8220;][et_pb_fullwidth_image src=&#8220;https:\/\/www.buss-ct.com\/wp-content\/uploads\/2024\/05\/cristals-378p-repeating.png&#8220; title_text=&#8220;cristals-378p-repeating&#8220; module_class=&#8220;references_heroimage fw_row&#8220; _builder_version=&#8220;4.25.1&#8243; _module_preset=&#8220;default&#8220; global_colors_info=&#8220;{}&#8220;][\/et_pb_fullwidth_image][\/et_pb_section][et_pb_section fb_built=&#8220;1&#8243; custom_padding_last_edited=&#8220;on|desktop&#8220; admin_label=&#8220;Job Opening&#8220; module_class=&#8220;text_contact adresse-buttons&#8220; _builder_version=&#8220;4.25.1&#8243; _module_preset=&#8220;default&#8220; background_enable_color=&#8220;off&#8220; custom_margin=&#8220;0px||0px||false|false&#8220; custom_padding=&#8220;100px||100px||true|false&#8220; custom_padding_tablet=&#8220;75px||75px||true|false&#8220; custom_padding_phone=&#8220;&#8220; locked=&#8220;off&#8220; global_colors_info=&#8220;{}&#8220;][et_pb_row column_structure=&#8220;1_2,1_2&#8243; use_custom_gutter=&#8220;on&#8220; gutter_width=&#8220;1&#8243; make_equal=&#8220;on&#8220; disabled_on=&#8220;off|off|off&#8220; _builder_version=&#8220;4.25.1&#8243; _module_preset=&#8220;default&#8220; background_enable_color=&#8220;off&#8220; min_height=&#8220;100%&#8220; height=&#8220;100%&#8220; max_height=&#8220;100%&#8220; custom_margin=&#8220;0px||0px||false|false&#8220; custom_padding=&#8220;0px||0px||false|false&#8220; background_last_edited=&#8220;on|desktop&#8220; custom_css_main_element=&#8220;display: flex;||flex-wrap: wrap;&#8220; locked=&#8220;off&#8220; global_colors_info=&#8220;{}&#8220;][et_pb_column type=&#8220;1_2&#8243; _builder_version=&#8220;4.24.0&#8243; _module_preset=&#8220;default&#8220; background_enable_color=&#8220;off&#8220; background_last_edited=&#8220;on|phone&#8220; use_background_color_gradient_phone=&#8220;off&#8220; custom_css_main_element=&#8220;width: 57% !important;&#8220; global_colors_info=&#8220;{}&#8220; custom_css_main_element_last_edited=&#8220;on|phone&#8220; custom_css_main_element_tablet=&#8220;width: 100% !important;||order: 1;&#8220; custom_css_main_element_phone=&#8220;width: 100% !important;||order: 1;&#8220;][et_pb_text _builder_version=&#8220;4.27.4&#8243; _module_preset=&#8220;default&#8220; text_font=&#8220;HelveticaNeueLTPro-Roman||||||||&#8220; text_text_color=&#8220;#000000&#8243; text_font_size=&#8220;18px&#8220; text_line_height=&#8220;1.4em&#8220; custom_margin=&#8220;0px||0px||false|false&#8220; custom_padding=&#8220;0px||50px||false|false&#8220; custom_padding_tablet=&#8220;0px||50px||false|false&#8220; custom_padding_phone=&#8220;|20px|25px||false|false&#8220; custom_padding_last_edited=&#8220;on|phone&#8220; text_font_size_tablet=&#8220;16px&#8220; text_font_size_phone=&#8220;14px&#8220; text_font_size_last_edited=&#8220;on|phone&#8220; global_colors_info=&#8220;{}&#8220;]<\/p>\n<p>BUSS ChemTech AG ist eine weltweit f\u00fchrende Unternehmung in innovativen Prozess Technologien f\u00fcr die Chemie- und Kunststoff-Recyclingsindustrie. Mit unseren spezifischen chemischen Prozessen und eigenen Verfahrensentwicklungen erm\u00f6glichen wir unseren Kunden hohe Einsparungen in ihren Produktionsabl\u00e4ufen. Unsere Ingenieurdienstleistungen reichen von Studien und Versuchen im eigenen Technikum bis zu schl\u00fcsselfertigen Produktionsanlagen.  <\/p>\n<p>Reisen Sie gerne? Sch\u00e4tzen Sie den Umgang mit fremden Kulturen? Dann sind Sie bei uns genau richtig als  <\/p>\n<p>[\/et_pb_text][et_pb_text admin_label=&#8220;Headline&#8220; module_class=&#8220;text_image_content_title h2_normal&#8220; _builder_version=&#8220;4.27.4&#8243; _module_preset=&#8220;default&#8220; header_2_font=&#8220;HelveticaNeueLTPro-Hv||||||||&#8220; header_2_text_align=&#8220;left&#8220; header_2_text_color=&#8220;#000000&#8243; custom_margin=&#8220;0px||0px||false|false&#8220; custom_margin_last_edited=&#8220;off|phone&#8220; custom_padding=&#8220;0px||50px||false|false&#8220; custom_padding_tablet=&#8220;0px||50px||false|false&#8220; custom_padding_phone=&#8220;||25px||false|false&#8220; custom_padding_last_edited=&#8220;on|phone&#8220; header_2_font_size_tablet=&#8220;45px&#8220; header_2_font_size_phone=&#8220;25px&#8220; header_2_font_size_last_edited=&#8220;off|desktop&#8220; global_colors_info=&#8220;{}&#8220;]<\/p>\n<h2>Projektingenieur\/In<br \/>100%, Standort Pratteln<\/h2>\n<p>[\/et_pb_text][et_pb_text _builder_version=&#8220;4.27.4&#8243; _module_preset=&#8220;default&#8220; text_font=&#8220;HelveticaNeueLTPro-Bd||||||||&#8220; text_text_color=&#8220;#000000&#8243; header_3_font=&#8220;HelveticaNeueLTPro-Bd|||on|||||&#8220; header_3_text_align=&#8220;left&#8220; header_3_font_size=&#8220;24px&#8220; header_3_line_height=&#8220;1.5em&#8220; custom_margin=&#8220;0px||30px||false|false&#8220; custom_padding=&#8220;0px||20px||false|false&#8220; border_width_bottom=&#8220;2px&#8220; border_color_bottom=&#8220;#000000&#8243; global_colors_info=&#8220;{}&#8220;]<\/p>\n<h3>Ihre Aufgaben:<\/h3>\n<p>[\/et_pb_text][et_pb_text _builder_version=&#8220;4.27.4&#8243; _module_preset=&#8220;default&#8220; text_font=&#8220;HelveticaNeueLTPro-Roman||||||||&#8220; text_text_color=&#8220;#000000&#8243; text_font_size=&#8220;18px&#8220; text_line_height=&#8220;1.4em&#8220; custom_margin=&#8220;0px||0px||false|false&#8220; custom_padding=&#8220;0px||50px||false|false&#8220; custom_padding_tablet=&#8220;0px||50px||false|false&#8220; custom_padding_phone=&#8220;|20px|25px||false|false&#8220; custom_padding_last_edited=&#8220;on|phone&#8220; text_font_size_tablet=&#8220;16px&#8220; text_font_size_phone=&#8220;14px&#8220; text_font_size_last_edited=&#8220;on|phone&#8220; locked=&#8220;off&#8220; global_colors_info=&#8220;{}&#8220;]<\/p>\n<ul>\n<li><span>Sicherstellen einer optimalen Auftragsabwicklung in technischer, qualitativer, terminlicher und finanzieller Hinsicht.<\/span><span><\/span><\/li>\n<li><span>Erarbeiten und Einbringen von mechanisch-technischer Expertise und Know-How im Umgang mit Maschinen und Apparaten und deren Auslegung und Konstruktion.<\/span><\/li>\n<li><span>Erstellen der Engineering Dokumentation wie z.B. R&amp;I Schemas, Apparate und Maschinenspezifikationen, Unterlagen zur Bau- und Rohrleitungsplanung, Montage\/Inbetriebsetzungen etc.<\/span><span><\/span><\/li>\n<li><span>Kontrolle von Werkstattzeichnungen und Zeichnungen von Lieferanten im Apparatebau in Bezug auf Einhaltung der Normen und Standards und deren mechanische Qualifizierung.<\/span><\/li>\n<li><span>Nutzen von Standards und Mithilfe zur Erschaffung neuer Standards f\u00fcr die speditive Ausf\u00fchrung von Kundenauftr\u00e4gen.<\/span><\/li>\n<\/ul>\n<p>[\/et_pb_text][et_pb_text _builder_version=&#8220;4.27.4&#8243; _module_preset=&#8220;default&#8220; text_font=&#8220;HelveticaNeueLTPro-Bd||||||||&#8220; text_text_color=&#8220;#000000&#8243; header_3_font=&#8220;HelveticaNeueLTPro-Bd|||on|||||&#8220; header_3_text_align=&#8220;left&#8220; header_3_font_size=&#8220;24px&#8220; header_3_line_height=&#8220;1.5em&#8220; custom_margin=&#8220;0px||30px||false|false&#8220; custom_padding=&#8220;0px||20px||false|false&#8220; border_width_bottom=&#8220;2px&#8220; border_color_bottom=&#8220;#000000&#8243; locked=&#8220;off&#8220; global_colors_info=&#8220;{}&#8220;]<\/p>\n<h3>Unsere Anforderungen:<\/h3>\n<p>[\/et_pb_text][et_pb_text _builder_version=&#8220;4.27.4&#8243; _module_preset=&#8220;default&#8220; text_font=&#8220;HelveticaNeueLTPro-Roman||||||||&#8220; text_font_size=&#8220;18px&#8220; text_line_height=&#8220;1.4em&#8220; custom_margin=&#8220;0px||0px||false|false&#8220; custom_padding=&#8220;0px||50px||false|false&#8220; custom_padding_tablet=&#8220;0px||50px||false|false&#8220; custom_padding_phone=&#8220;|20px|25px||false|false&#8220; custom_padding_last_edited=&#8220;on|phone&#8220; text_font_size_tablet=&#8220;16px&#8220; text_font_size_phone=&#8220;14px&#8220; text_font_size_last_edited=&#8220;on|phone&#8220; locked=&#8220;off&#8220; global_colors_info=&#8220;{}&#8220;]<\/p>\n<ul>\n<li>Sie verf\u00fcgen \u00fcber einen Abschluss als Apparatebauer, Konstrukteur, Verfahrens- oder Maschinenbauingenieur sowie \u00fcber praktische Erfahrung im Bereich Anlagen- und\/oder Chemieanlagenbau.<\/li>\n<li>Sie sind eine initiative und gewissenhafte Pers\u00f6nlichkeit mit gutem, konstruktivem Vorstellungsverm\u00f6gen.<\/li>\n<li>Sie denken l\u00f6sungsorientiert und bewegen sich gerne in kleinen, engagierten Teams.<\/li>\n<li>Sie arbeiten gerne selbst\u00e4ndig, zeigen Eigeninitiative, sind zielorientiert und bereit, Verantwortung zu \u00fcbernehmen.<\/li>\n<li>Nebst den g\u00e4ngigen Office Programmen verf\u00fcgen Sie \u00fcber CAD-Kenntnisse.<\/li>\n<li>Erfahrungen mit der Berechnung von Apparaten- und Rohrleitungen sind von Vorteil.<\/li>\n<li>Gute Englischkenntnisse in Wort und Schrift und Auslandserfahrung runden Ihr Profil ab.<\/li>\n<\/ul>\n<p>[\/et_pb_text][et_pb_text _builder_version=&#8220;4.27.4&#8243; _module_preset=&#8220;default&#8220; text_font=&#8220;HelveticaNeueLTPro-Bd||||||||&#8220; text_text_color=&#8220;#000000&#8243; header_3_font=&#8220;HelveticaNeueLTPro-Bd|||on|||||&#8220; header_3_text_align=&#8220;left&#8220; header_3_font_size=&#8220;24px&#8220; header_3_line_height=&#8220;1.5em&#8220; custom_margin=&#8220;0px||30px||false|false&#8220; custom_padding=&#8220;0px||20px||false|false&#8220; border_width_bottom=&#8220;2px&#8220; border_color_bottom=&#8220;#000000&#8243; locked=&#8220;off&#8220; global_colors_info=&#8220;{}&#8220;]<\/p>\n<h3>Ihr Umfeld:<\/h3>\n<p>[\/et_pb_text][et_pb_text _builder_version=&#8220;4.27.4&#8243; _module_preset=&#8220;default&#8220; text_font=&#8220;HelveticaNeueLTPro-Roman||||||||&#8220; text_text_color=&#8220;#000000&#8243; text_font_size=&#8220;18px&#8220; text_line_height=&#8220;1.4em&#8220; custom_margin=&#8220;0px||0px||false|false&#8220; custom_padding=&#8220;0px||50px||false|false&#8220; custom_padding_tablet=&#8220;0px||50px||false|false&#8220; custom_padding_phone=&#8220;|20px|25px||false|false&#8220; custom_padding_last_edited=&#8220;on|tablet&#8220; text_font_size_tablet=&#8220;16px&#8220; text_font_size_phone=&#8220;14px&#8220; text_font_size_last_edited=&#8220;on|phone&#8220; locked=&#8220;off&#8220; global_colors_info=&#8220;{}&#8220;]<\/p>\n<p>\u00b7 Sie bewegen sich in einem vielseitigen, multidisziplin\u00e4ren Umfeld und verf\u00fcgen \u00fcber entsprechenden Handlungs- und Entscheidungsfreiraum. Wir bieten Ihnen ein modern eingerichtetes B\u00fcro mit entsprechender Infrastruktur sowie die nicht allt\u00e4gliche M\u00f6glichkeit, sich im internationalen Umfeld eines technologisch f\u00fchrenden Unternehmens fachlich und pers\u00f6nlich weiterzuentwickeln. <\/p>\n<p>Sie werden ca. 20% Ihrer Arbeitszeit rund um die Welt t\u00e4tig sein.<\/p>\n<p>\u00b7 Sind Sie neugierig geworden und m\u00f6chten Sie mehr \u00fcber uns und die Stelle erfahren? Besuchen Sie unsere Website und senden Sie uns Ihre vollst\u00e4ndigen Bewerbungs\u00adunterlagen zu. Direktbewerbungen werden bevorzugt.  <\/p>\n<p>[\/et_pb_text][et_pb_text admin_label=&#8220;Address&#8220; _builder_version=&#8220;4.27.4&#8243; _module_preset=&#8220;default&#8220; text_font=&#8220;HelveticaNeueLTPro-Roman||||||||&#8220; text_text_color=&#8220;#000000&#8243; text_font_size=&#8220;18px&#8220; custom_margin=&#8220;0px||0px||false|false&#8220; custom_margin_tablet=&#8220;||50px||false|false&#8220; custom_margin_phone=&#8220;0px||50px||false|false&#8220; custom_margin_last_edited=&#8220;on|phone&#8220; custom_padding=&#8220;0px||0px||false|false&#8220; locked=&#8220;off&#8220; global_colors_info=&#8220;{}&#8220;]<\/p>\n<p><strong>BUSS ChemTech AG<\/strong><br \/>Human Ressources<br \/>Hohenrainstrasse 12A<br \/>CH-4133 Pratteln<br \/><a href=\"mailto:hr@buss-ct.com?subject=BUSS%20ChemTech%20Job%20Application\" target=\"_blank\" rel=\"noopener\">jobs@buss-ct.com<\/a><\/p>\n<p>[\/et_pb_text][\/et_pb_column][et_pb_column type=&#8220;1_2&#8243; _builder_version=&#8220;4.25.1&#8243; _module_preset=&#8220;default&#8220; background_enable_color=&#8220;off&#8220; custom_css_main_element=&#8220;width: 43% !important;&#8220; global_colors_info=&#8220;{}&#8220; custom_css_main_element_last_edited=&#8220;on|phone&#8220; custom_css_main_element_tablet=&#8220;width: 100% !important;||order: 2;&#8220; custom_css_main_element_phone=&#8220;width: 100% !important;||order: 2;&#8220;][et_pb_text admin_label=&#8220;Headline&#8220; module_class=&#8220;headline&#8220; _builder_version=&#8220;4.25.1&#8243; _module_preset=&#8220;default&#8220; header_3_font=&#8220;HelveticaNeueLTPro-Bd|||on|||||&#8220; header_3_text_align=&#8220;center&#8220; header_3_text_color=&#8220;#000000&#8243; header_3_font_size=&#8220;24px&#8220; custom_margin=&#8220;0px||0px||false|false&#8220; custom_margin_tablet=&#8220;|0%|||false|false&#8220; custom_margin_phone=&#8220;|0%|||false|false&#8220; custom_margin_last_edited=&#8220;on|desktop&#8220; custom_padding=&#8220;0px||20px|50px|false|false&#8220; custom_padding_tablet=&#8220;0px|0px|20px|0%|false|false&#8220; custom_padding_phone=&#8220;0px||20px||false|false&#8220; custom_padding_last_edited=&#8220;on|desktop&#8220; header_3_font_size_tablet=&#8220;24px&#8220; header_3_font_size_phone=&#8220;18px&#8220; header_3_font_size_last_edited=&#8220;on|tablet&#8220; locked=&#8220;off&#8220; global_colors_info=&#8220;{}&#8220;]<\/p>\n<h3>Ihr Kontakt<\/h3>\n<p>[\/et_pb_text][et_pb_blurb title=&#8220;Katarina Bill&#8220; image=&#8220;https:\/\/www.buss-ct.com\/wp-content\/uploads\/2024\/06\/Buss_Portraits_Bill_selfie_368-x-368.jpg&#8220; admin_label=&#8220;Image, Name &#038; Function&#8220; _builder_version=&#8220;4.25.1&#8243; _module_preset=&#8220;default&#8220; header_level=&#8220;h3&#8243; header_font=&#8220;HelveticaNeueLTPro-Bd||||||||&#8220; header_text_align=&#8220;center&#8220; header_text_color=&#8220;#000000&#8243; header_font_size=&#8220;18px&#8220; body_font=&#8220;HelveticaNeueLTPro-Roman||||||||&#8220; body_text_align=&#8220;center&#8220; body_text_color=&#8220;#000000&#8243; body_font_size=&#8220;18px&#8220; custom_margin=&#8220;||||false|false&#8220; custom_padding=&#8220;||50px|50px|false|false&#8220; custom_padding_tablet=&#8220;|||0px|false|false&#8220; custom_padding_phone=&#8220;|||0px|false|false&#8220; custom_padding_last_edited=&#8220;on|phone&#8220; animation=&#8220;off&#8220; header_font_size_tablet=&#8220;18px&#8220; header_font_size_phone=&#8220;14px&#8220; header_font_size_last_edited=&#8220;on|phone&#8220; body_font_size_tablet=&#8220;18px&#8220; body_font_size_phone=&#8220;14px&#8220; body_font_size_last_edited=&#8220;on|phone&#8220; custom_css_main_element=&#8220;animation-name: none;&#8220; custom_css_blurb_image=&#8220;width: 368px;||aspect-ratio: 1\/1;&#8220; custom_css_blurb_title=&#8220;animation-name: none;&#8220; custom_css_blurb_content=&#8220;animation-name: none;&#8220; global_colors_info=&#8220;{}&#8220; custom_css_blurb_image_last_edited=&#8220;on|tablet&#8220; custom_css_blurb_image_tablet=&#8220;width: 50%;||aspect-ratio: 1:1;&#8220; custom_css_blurb_image_phone=&#8220;width: 50%;||aspect-ratio: 1:1;&#8220;]<\/p>\n<p>Personal<\/p>\n<p>[\/et_pb_blurb][kxit_kx_button titel=&#8220;Jetzt bewerben&#8220; art=&#8220;dunkel-hell&#8220; _builder_version=&#8220;4.27.4&#8243; _module_preset=&#8220;default&#8220; custom_margin=&#8220;0px||0px||false|false&#8220; custom_padding=&#8220;0px||25px||false|false&#8220; custom_padding_tablet=&#8220;||||false|false&#8220; custom_padding_phone=&#8220;||||false|true&#8220; custom_padding_last_edited=&#8220;on|phone&#8220; link_option_url=&#8220;mailto:jobs@buss-ct.com?subject=BUSS%20ChemTech%20Job%20Application%20for%20Project%20Engineer&#8220; link_option_url_new_window=&#8220;on&#8220; global_colors_info=&#8220;{}&#8220;][\/kxit_kx_button][kxit_kx_button titel=&#8220;Stellenbeschreibung&#8220; art=&#8220;dunkel-hell&#8220; _builder_version=&#8220;4.27.4&#8243; _dynamic_attributes=&#8220;link_option_url&#8220; _module_preset=&#8220;default&#8220; custom_margin=&#8220;0px||0px||false|false&#8220; custom_padding=&#8220;0px||25px||false|false&#8220; custom_padding_tablet=&#8220;||||false|false&#8220; custom_padding_phone=&#8220;||||false|true&#8220; custom_padding_last_edited=&#8220;on|phone&#8220; link_option_url=&#8220;@ET-DC@eyJkeW5hbWljIjp0cnVlLCJjb250ZW50IjoicG9zdF9saW5rX3VybF9hdHRhY2htZW50Iiwic2V0dGluZ3MiOnsicG9zdF9pZCI6IjExNDUwMiJ9fQ==@&#8220; link_option_url_new_window=&#8220;on&#8220; global_colors_info=&#8220;{}&#8220;][\/kxit_kx_button][kxit_kx_button titel=&#8220;Empfehlung&#8220; art=&#8220;dunkel-hell&#8220; module_class=&#8220;email_job&#8220; _builder_version=&#8220;4.27.5&#8243; _module_preset=&#8220;default&#8220; custom_margin=&#8220;0px||0px||false|false&#8220; custom_padding=&#8220;0px||0px||false|false&#8220; custom_padding_tablet=&#8220;||||false|false&#8220; custom_padding_phone=&#8220;||||false|true&#8220; custom_padding_last_edited=&#8220;on|phone&#8220; link_option_url=&#8220;mailto:jobs@buss-ct.com?subject=Application%20for%20a%20Project%20Engineer%20Position&#8220; link_option_url_new_window=&#8220;on&#8220; hover_enabled=&#8220;0&#8243; global_colors_info=&#8220;{}&#8220; sticky_enabled=&#8220;0&#8243;][\/kxit_kx_button][\/et_pb_column][\/et_pb_row][\/et_pb_section]<\/p>\n","protected":false},"excerpt":{"rendered":"<p>BUSS ChemTech AG ist eine weltweit f\u00fchrende Unternehmung in innovativen Prozess Technologien f\u00fcr die Chemie- und Kunststoff-Recyclingsindustrie. Mit unseren spezifischen chemischen Prozessen und eigenen Verfahrensentwicklungen erm\u00f6glichen wir unseren Kunden hohe Einsparungen in ihren Produktionsabl\u00e4ufen. Unsere Ingenieurdienstleistungen reichen von Studien und Versuchen im eigenen Technikum bis zu schl\u00fcsselfertigen Produktionsanlagen. Reisen Sie gerne? Sch\u00e4tzen Sie den Umgang [&hellip;]<\/p>\n","protected":false},"author":9,"featured_media":0,"parent":112450,"menu_order":4,"comment_status":"closed","ping_status":"closed","template":"","meta":{"_acf_changed":false,"_et_pb_use_builder":"on","_et_pb_old_content":"","_et_gb_content_width":"","footnotes":""},"class_list":["post-114450","page","type-page","status-publish","hentry"],"acf":[],"yoast_head":"<!-- This site is optimized with the Yoast SEO plugin v27.4 - https:\/\/yoast.com\/product\/yoast-seo-wordpress\/ -->\n<title>Projecktingenieur\/In, 100%, Standort Pratteln &#8211; BUSS ChemTech AG<\/title>\n<meta name=\"robots\" content=\"index, follow, max-snippet:-1, max-image-preview:large, max-video-preview:-1\" \/>\n<link rel=\"canonical\" href=\"https:\/\/www.buss-ct.com\/de\/karriere\/projecktingenieur-in-100-standort-pratteln\/\" \/>\n<meta property=\"og:locale\" content=\"de_DE\" \/>\n<meta property=\"og:type\" content=\"article\" \/>\n<meta property=\"og:title\" content=\"Projecktingenieur\/In, 100%, Standort Pratteln &#8211; BUSS ChemTech AG\" \/>\n<meta property=\"og:url\" content=\"https:\/\/www.buss-ct.com\/de\/karriere\/projecktingenieur-in-100-standort-pratteln\/\" \/>\n<meta property=\"og:site_name\" content=\"BUSS ChemTech AG\" \/>\n<meta property=\"article:modified_time\" content=\"2026-01-23T15:16:57+00:00\" \/>\n<meta name=\"twitter:card\" content=\"summary_large_image\" \/>\n<meta name=\"twitter:label1\" content=\"Gesch\u00e4tzte Lesezeit\" \/>\n\t<meta name=\"twitter:data1\" content=\"9\u00a0Minuten\" \/>\n<script type=\"application\/ld+json\" class=\"yoast-schema-graph\">{\"@context\":\"https:\\\/\\\/schema.org\",\"@graph\":[{\"@type\":\"WebPage\",\"@id\":\"https:\\\/\\\/www.buss-ct.com\\\/de\\\/karriere\\\/projecktingenieur-in-100-standort-pratteln\\\/\",\"url\":\"https:\\\/\\\/www.buss-ct.com\\\/de\\\/karriere\\\/projecktingenieur-in-100-standort-pratteln\\\/\",\"name\":\"Projecktingenieur\\\/In, 100%, Standort Pratteln &#8211; BUSS ChemTech AG\",\"isPartOf\":{\"@id\":\"https:\\\/\\\/www.buss-ct.com\\\/de\\\/#website\"},\"datePublished\":\"2024-06-09T06:09:50+00:00\",\"dateModified\":\"2026-01-23T15:16:57+00:00\",\"breadcrumb\":{\"@id\":\"https:\\\/\\\/www.buss-ct.com\\\/de\\\/karriere\\\/projecktingenieur-in-100-standort-pratteln\\\/#breadcrumb\"},\"inLanguage\":\"de\",\"potentialAction\":[{\"@type\":\"ReadAction\",\"target\":[\"https:\\\/\\\/www.buss-ct.com\\\/de\\\/karriere\\\/projecktingenieur-in-100-standort-pratteln\\\/\"]}]},{\"@type\":\"BreadcrumbList\",\"@id\":\"https:\\\/\\\/www.buss-ct.com\\\/de\\\/karriere\\\/projecktingenieur-in-100-standort-pratteln\\\/#breadcrumb\",\"itemListElement\":[{\"@type\":\"ListItem\",\"position\":1,\"name\":\"Startseite\",\"item\":\"https:\\\/\\\/www.buss-ct.com\\\/de\\\/\"},{\"@type\":\"ListItem\",\"position\":2,\"name\":\"Karriere\",\"item\":\"https:\\\/\\\/www.buss-ct.com\\\/de\\\/careers\\\/\"},{\"@type\":\"ListItem\",\"position\":3,\"name\":\"Projecktingenieur\\\/In, 100%, Standort Pratteln\"}]},{\"@type\":\"WebSite\",\"@id\":\"https:\\\/\\\/www.buss-ct.com\\\/de\\\/#website\",\"url\":\"https:\\\/\\\/www.buss-ct.com\\\/de\\\/\",\"name\":\"BUSS ChemTech AG\",\"description\":\"Process Development and Technology Company\",\"publisher\":{\"@id\":\"https:\\\/\\\/www.buss-ct.com\\\/de\\\/#organization\"},\"potentialAction\":[{\"@type\":\"SearchAction\",\"target\":{\"@type\":\"EntryPoint\",\"urlTemplate\":\"https:\\\/\\\/www.buss-ct.com\\\/de\\\/?s={search_term_string}\"},\"query-input\":{\"@type\":\"PropertyValueSpecification\",\"valueRequired\":true,\"valueName\":\"search_term_string\"}}],\"inLanguage\":\"de\"},{\"@type\":\"Organization\",\"@id\":\"https:\\\/\\\/www.buss-ct.com\\\/de\\\/#organization\",\"name\":\"BUSS ChemTech AG\",\"url\":\"https:\\\/\\\/www.buss-ct.com\\\/de\\\/\",\"logo\":{\"@type\":\"ImageObject\",\"inLanguage\":\"de\",\"@id\":\"https:\\\/\\\/www.buss-ct.com\\\/de\\\/#\\\/schema\\\/logo\\\/image\\\/\",\"url\":\"\",\"contentUrl\":\"\",\"caption\":\"BUSS ChemTech AG\"},\"image\":{\"@id\":\"https:\\\/\\\/www.buss-ct.com\\\/de\\\/#\\\/schema\\\/logo\\\/image\\\/\"}}]}<\/script>\n<!-- \/ Yoast SEO plugin. -->","yoast_head_json":{"title":"Projecktingenieur\/In, 100%, Standort Pratteln &#8211; BUSS ChemTech AG","robots":{"index":"index","follow":"follow","max-snippet":"max-snippet:-1","max-image-preview":"max-image-preview:large","max-video-preview":"max-video-preview:-1"},"canonical":"https:\/\/www.buss-ct.com\/de\/karriere\/projecktingenieur-in-100-standort-pratteln\/","og_locale":"de_DE","og_type":"article","og_title":"Projecktingenieur\/In, 100%, Standort Pratteln &#8211; BUSS ChemTech AG","og_url":"https:\/\/www.buss-ct.com\/de\/karriere\/projecktingenieur-in-100-standort-pratteln\/","og_site_name":"BUSS ChemTech AG","article_modified_time":"2026-01-23T15:16:57+00:00","twitter_card":"summary_large_image","twitter_misc":{"Gesch\u00e4tzte Lesezeit":"9\u00a0Minuten"},"schema":{"@context":"https:\/\/schema.org","@graph":[{"@type":"WebPage","@id":"https:\/\/www.buss-ct.com\/de\/karriere\/projecktingenieur-in-100-standort-pratteln\/","url":"https:\/\/www.buss-ct.com\/de\/karriere\/projecktingenieur-in-100-standort-pratteln\/","name":"Projecktingenieur\/In, 100%, Standort Pratteln &#8211; BUSS ChemTech AG","isPartOf":{"@id":"https:\/\/www.buss-ct.com\/de\/#website"},"datePublished":"2024-06-09T06:09:50+00:00","dateModified":"2026-01-23T15:16:57+00:00","breadcrumb":{"@id":"https:\/\/www.buss-ct.com\/de\/karriere\/projecktingenieur-in-100-standort-pratteln\/#breadcrumb"},"inLanguage":"de","potentialAction":[{"@type":"ReadAction","target":["https:\/\/www.buss-ct.com\/de\/karriere\/projecktingenieur-in-100-standort-pratteln\/"]}]},{"@type":"BreadcrumbList","@id":"https:\/\/www.buss-ct.com\/de\/karriere\/projecktingenieur-in-100-standort-pratteln\/#breadcrumb","itemListElement":[{"@type":"ListItem","position":1,"name":"Startseite","item":"https:\/\/www.buss-ct.com\/de\/"},{"@type":"ListItem","position":2,"name":"Karriere","item":"https:\/\/www.buss-ct.com\/de\/careers\/"},{"@type":"ListItem","position":3,"name":"Projecktingenieur\/In, 100%, Standort Pratteln"}]},{"@type":"WebSite","@id":"https:\/\/www.buss-ct.com\/de\/#website","url":"https:\/\/www.buss-ct.com\/de\/","name":"BUSS ChemTech AG","description":"Process Development and Technology Company","publisher":{"@id":"https:\/\/www.buss-ct.com\/de\/#organization"},"potentialAction":[{"@type":"SearchAction","target":{"@type":"EntryPoint","urlTemplate":"https:\/\/www.buss-ct.com\/de\/?s={search_term_string}"},"query-input":{"@type":"PropertyValueSpecification","valueRequired":true,"valueName":"search_term_string"}}],"inLanguage":"de"},{"@type":"Organization","@id":"https:\/\/www.buss-ct.com\/de\/#organization","name":"BUSS ChemTech AG","url":"https:\/\/www.buss-ct.com\/de\/","logo":{"@type":"ImageObject","inLanguage":"de","@id":"https:\/\/www.buss-ct.com\/de\/#\/schema\/logo\/image\/","url":"","contentUrl":"","caption":"BUSS ChemTech AG"},"image":{"@id":"https:\/\/www.buss-ct.com\/de\/#\/schema\/logo\/image\/"}}]}},"_links":{"self":[{"href":"https:\/\/www.buss-ct.com\/de\/wp-json\/wp\/v2\/pages\/114450","targetHints":{"allow":["GET"]}}],"collection":[{"href":"https:\/\/www.buss-ct.com\/de\/wp-json\/wp\/v2\/pages"}],"about":[{"href":"https:\/\/www.buss-ct.com\/de\/wp-json\/wp\/v2\/types\/page"}],"author":[{"embeddable":true,"href":"https:\/\/www.buss-ct.com\/de\/wp-json\/wp\/v2\/users\/9"}],"replies":[{"embeddable":true,"href":"https:\/\/www.buss-ct.com\/de\/wp-json\/wp\/v2\/comments?post=114450"}],"version-history":[{"count":19,"href":"https:\/\/www.buss-ct.com\/de\/wp-json\/wp\/v2\/pages\/114450\/revisions"}],"predecessor-version":[{"id":114733,"href":"https:\/\/www.buss-ct.com\/de\/wp-json\/wp\/v2\/pages\/114450\/revisions\/114733"}],"up":[{"embeddable":true,"href":"https:\/\/www.buss-ct.com\/de\/wp-json\/wp\/v2\/pages\/112450"}],"wp:attachment":[{"href":"https:\/\/www.buss-ct.com\/de\/wp-json\/wp\/v2\/media?parent=114450"}],"curies":[{"name":"wp","href":"https:\/\/api.w.org\/{rel}","templated":true}]}}