{"id":113775,"date":"2025-07-15T10:38:12","date_gmt":"2025-07-15T08:38:12","guid":{"rendered":"https:\/\/www.buss-ct.com\/publikationen\/"},"modified":"2025-07-21T16:13:47","modified_gmt":"2025-07-21T14:13:47","slug":"publikationen","status":"publish","type":"page","link":"https:\/\/www.buss-ct.com\/de\/publikationen\/","title":{"rendered":"Publikationen"},"content":{"rendered":"<p>[et_pb_section fb_built=&#8220;1&#8243; disabled_on=&#8220;off|off|off&#8220; admin_label=&#8220;References&#8220; _builder_version=&#8220;4.27.4&#8243; _module_preset=&#8220;default&#8220; custom_margin=&#8220;0px||0px||false|false&#8220; custom_padding=&#8220;100px||0px||false|false&#8220; locked=&#8220;off&#8220; global_colors_info=&#8220;{}&#8220;][et_pb_row custom_padding_last_edited=&#8220;off|desktop&#8220; module_class=&#8220;reference_row&#8220; _builder_version=&#8220;4.24.0&#8243; _module_preset=&#8220;default&#8220; custom_padding=&#8220;0px||0px||false|false&#8220; global_colors_info=&#8220;{}&#8220;][et_pb_column type=&#8220;4_4&#8243; _builder_version=&#8220;4.24.0&#8243; _module_preset=&#8220;default&#8220; global_colors_info=&#8220;{}&#8220;][et_pb_text module_class=&#8220;h2_bold portfolio_title&#8220; _builder_version=&#8220;4.27.4&#8243; _module_preset=&#8220;default&#8220; header_2_font=&#8220;HelveticaNeueLTPro-Hv||||||||&#8220; custom_margin=&#8220;||0px||false|false&#8220; global_colors_info=&#8220;{}&#8220;]<\/p>\n<h2>Publikationen<\/h2>\n<p>[\/et_pb_text][et_pb_text module_class=&#8220;h2_normal portfolio_title&#8220; _builder_version=&#8220;4.24.0&#8243; _module_preset=&#8220;default&#8220; header_2_font=&#8220;HelveticaNeueLTPro-Roman||||||||&#8220; global_colors_info=&#8220;{}&#8220;][\/et_pb_text][\/et_pb_column][\/et_pb_row][\/et_pb_section][et_pb_section fb_built=&#8220;1&#8243; _builder_version=&#8220;4.27.4&#8243; _module_preset=&#8220;default&#8220; custom_margin=&#8220;0px||0px||false|false&#8220; custom_padding=&#8220;0px||0px||false|false&#8220; global_colors_info=&#8220;{}&#8220;][et_pb_row _builder_version=&#8220;4.27.4&#8243; _module_preset=&#8220;default&#8220; custom_margin=&#8220;0px||0px||false|false&#8220; custom_padding=&#8220;0px||0px||false|false&#8220; global_colors_info=&#8220;{}&#8220;][et_pb_column type=&#8220;4_4&#8243; _builder_version=&#8220;4.27.4&#8243; _module_preset=&#8220;default&#8220; global_colors_info=&#8220;{}&#8220;][et_pb_code _builder_version=&#8220;4.27.4&#8243; _module_preset=&#8220;default&#8220; custom_margin=&#8220;0px||0px||false|false&#8220; custom_padding=&#8220;0px||0px||false|false&#8220; global_colors_info=&#8220;{}&#8220;] \t<div class=\"pub-header\">\n\t\t<h2 class=\"pub-heading\"><\/h2>\n\n\t\t<div class=\"pub-filter-wrapper\">\n\t\t\t<select id=\"pub-filter\"\n\t\t\t        class=\"card_portfolio_select select-light\"\n\t\t\t        autocomplete=\"off\">\n\t\t\t\t<option value=\"all\"  selected='selected'>\n\t\t\t\t\tAlle\t\t\t\t<\/option>\n\n\t\t\t\t\t\t\t\t\t\t\t\t\t\t<option value=\"customer-service\" >\n\t\t\t\t\t\tKundenservice\t\t\t\t\t<\/option>\n\t\t\t\t\t\t\t\t\t\t\t\t\t\t<option value=\"gas-liquid\" >\n\t\t\t\t\t\tGas\/Fl\u00fcssig-Reaktionen\t\t\t\t\t<\/option>\n\t\t\t\t\t\t\t\t\t\t\t\t\t\t<option value=\"phosgene\" >\n\t\t\t\t\t\tPhosgen Herstellung\t\t\t\t\t<\/option>\n\t\t\t\t\t\t\t\t\t\t\t\t\t\t<option value=\"process-development\" >\n\t\t\t\t\t\tProzessentwicklung\t\t\t\t\t<\/option>\n\t\t\t\t\t\t\t\t\t\t\t\t\t\t<option value=\"fluorine\" >\n\t\t\t\t\t\tFluorchemie\t\t\t\t\t<\/option>\n\t\t\t\t\t\t\t\t\t\t\t\t\t\t<option value=\"chemical-recycling\" >\n\t\t\t\t\t\tChemisches Recycling\t\t\t\t\t<\/option>\n\t\t\t\t\t\t\t\t\t\t\t\t\t\t<option value=\"pitch-melting\" >\n\t\t\t\t\t\tPechschelzen\t\t\t\t\t<\/option>\n\t\t\t\t\t\t\t<\/select>\n\t\t<\/div>\n\t<\/div>\n\t\t\t<article class=\"pub-item\">\n\t\t\t<div class=\"pub-thumb\">\n\t\t\t\t<img decoding=\"async\" src=\"https:\/\/www.buss-ct.com\/wp-content\/uploads\/2025\/07\/BCT_FactSheet-15_front-page.jpg\" alt=\"\">\n\t\t\t<\/div>\n\n\t\t\t<div class=\"pub-meta\">\n\t\t\t\t<h3 class=\"pub-title\">Merkblatt: Parts and Services for Green Anode Paste Plants<\/h3>\n\n\t\t\t\t\t\t\t\t\t<p class=\"pub-desc\">Ihre Quelle f\u00fcr OEM-Teile und Service f\u00fcr jede Green Anode Paste Plant weltweit.<\/p>\n\t\t\t\t\n\t\t\t\t\t\t\t\t\t<a class=\"pub-btn\" href=\"https:\/\/www.buss-ct.com\/wp-content\/uploads\/2024\/06\/BCT_FactSheet_15_AL_Services.pdf\" target=\"_blank\" rel=\"noopener\">\n\t\t\t\t\t\tDownload PDF\t\t\t\t\t<\/a>\n\t\t\t\t\t\t\t<\/div>\n\t\t<\/article>\n\t\t\t\t<article class=\"pub-item\">\n\t\t\t<div class=\"pub-thumb\">\n\t\t\t\t<img decoding=\"async\" src=\"https:\/\/www.buss-ct.com\/wp-content\/uploads\/2025\/07\/BCT_FactSheet-14_front-page.jpg\" alt=\"\">\n\t\t\t<\/div>\n\n\t\t\t<div class=\"pub-meta\">\n\t\t\t\t<h3 class=\"pub-title\">Merkblatt: Key Equipment for Green Anode Paste Plants<\/h3>\n\n\t\t\t\t\t\t\t\t\t<p class=\"pub-desc\">Hochwertige Ersatzger\u00e4te f\u00fcr BUSS ChemTech Anlagen f\u00fcr gr\u00fcne Anodenpaste weltweit.<\/p>\n\t\t\t\t\n\t\t\t\t\t\t\t\t\t<a class=\"pub-btn\" href=\"https:\/\/www.buss-ct.com\/wp-content\/uploads\/2024\/06\/BCT_FactSheet_14_AL_Key_Equipment.pdf\" target=\"_blank\" rel=\"noopener\">\n\t\t\t\t\t\tDownload PDF\t\t\t\t\t<\/a>\n\t\t\t\t\t\t\t<\/div>\n\t\t<\/article>\n\t\t\t\t<article class=\"pub-item\">\n\t\t\t<div class=\"pub-thumb\">\n\t\t\t\t<img decoding=\"async\" src=\"https:\/\/www.buss-ct.com\/wp-content\/uploads\/2025\/07\/BCT_FactSheet-13_front-page.jpg\" alt=\"\">\n\t\t\t<\/div>\n\n\t\t\t<div class=\"pub-meta\">\n\t\t\t\t<h3 class=\"pub-title\">Merkblatt: Pitch Melting Plants<\/h3>\n\n\t\t\t\t\t\t\t\t\t<p class=\"pub-desc\">Innovative Pechschmelztechnologie f\u00fcr die Herstellung von Aluminiumschmelzanoden.<\/p>\n\t\t\t\t\n\t\t\t\t\t\t\t\t\t<a class=\"pub-btn\" href=\"https:\/\/www.buss-ct.com\/wp-content\/uploads\/2024\/06\/BCT_FactSheet_13_AL_Pitch_Melting.pdf\" target=\"_blank\" rel=\"noopener\">\n\t\t\t\t\t\tDownload PDF\t\t\t\t\t<\/a>\n\t\t\t\t\t\t\t<\/div>\n\t\t<\/article>\n\t\t\t\t<article class=\"pub-item\">\n\t\t\t<div class=\"pub-thumb\">\n\t\t\t\t<img decoding=\"async\" src=\"https:\/\/www.buss-ct.com\/wp-content\/uploads\/2025\/07\/BCT_FactSheet-12_front-page-1.jpg\" alt=\"\">\n\t\t\t<\/div>\n\n\t\t\t<div class=\"pub-meta\">\n\t\t\t\t<h3 class=\"pub-title\">Merkblatt: Chemical Recycling of Mixed Plastic Waste<\/h3>\n\n\t\t\t\t\t\t\t\t\t<p class=\"pub-desc\">Schaffung von wertvollen Rohstoffen aus Kunststoffabf\u00e4llen, die normalerweise verbrannt oder deponiert werden.<\/p>\n\t\t\t\t\n\t\t\t\t\t\t\t\t\t<a class=\"pub-btn\" href=\"https:\/\/www.buss-ct.com\/wp-content\/uploads\/2025\/04\/BCT_FactSheet_12_CR_Chemical_Recycling.pdf\" target=\"_blank\" rel=\"noopener\">\n\t\t\t\t\t\tDownload PDF\t\t\t\t\t<\/a>\n\t\t\t\t\t\t\t<\/div>\n\t\t<\/article>\n\t\t\t\t<article class=\"pub-item\">\n\t\t\t<div class=\"pub-thumb\">\n\t\t\t\t<img decoding=\"async\" src=\"https:\/\/www.buss-ct.com\/wp-content\/uploads\/2025\/07\/BCT_FactSheet-10_front-page.jpg\" alt=\"\">\n\t\t\t<\/div>\n\n\t\t\t<div class=\"pub-meta\">\n\t\t\t\t<h3 class=\"pub-title\">Merkblatt: Arsenic Removal<\/h3>\n\n\t\t\t\t\t\t\t\t\t<p class=\"pub-desc\">Arsen aus Ihrer wasserfreien Fluorwasserstoffs\u00e4ure entfernen m\u00fcssen? Hier sind Sie an der richtigen Adresse. <\/p>\n\t\t\t\t\n\t\t\t\t\t\t\t\t\t<a class=\"pub-btn\" href=\"https:\/\/www.buss-ct.com\/wp-content\/uploads\/2024\/06\/BCT_FactSheet_10_FL_Arsenic_Removal.pdf\" target=\"_blank\" rel=\"noopener\">\n\t\t\t\t\t\tDownload PDF\t\t\t\t\t<\/a>\n\t\t\t\t\t\t\t<\/div>\n\t\t<\/article>\n\t\t<nav class=\"pub-pagination\"><span aria-current=\"page\" class=\"page-numbers current\">1<\/span>\n<a class=\"page-numbers\" href=\"https:\/\/www.buss-ct.com\/de\/wp-json\/wp\/v2\/pages\/113775\/?pubpage=2\">2<\/a>\n<a class=\"page-numbers\" href=\"https:\/\/www.buss-ct.com\/de\/wp-json\/wp\/v2\/pages\/113775\/?pubpage=3\">3<\/a>\n<a class=\"next page-numbers\" href=\"https:\/\/www.buss-ct.com\/de\/wp-json\/wp\/v2\/pages\/113775\/?pubpage=2\"><\/a><\/nav>[\/et_pb_code][\/et_pb_column][\/et_pb_row][et_pb_row _builder_version=&#8220;4.27.4&#8243; _module_preset=&#8220;default&#8220; custom_margin=&#8220;0px||0px||false|false&#8220; custom_padding=&#8220;0px||0px||false|false&#8220; global_colors_info=&#8220;{}&#8220;][et_pb_column type=&#8220;4_4&#8243; _builder_version=&#8220;4.27.4&#8243; _module_preset=&#8220;default&#8220; global_colors_info=&#8220;{}&#8220;][\/et_pb_column][\/et_pb_row][\/et_pb_section]<\/p>\n","protected":false},"excerpt":{"rendered":"<p>[et_pb_section fb_built=&#8220;1&#8243; disabled_on=&#8220;off|off|off&#8220; admin_label=&#8220;References&#8220; _builder_version=&#8220;4.27.4&#8243; _module_preset=&#8220;default&#8220; custom_margin=&#8220;0px||0px||false|false&#8220; custom_padding=&#8220;100px||0px||false|false&#8220; locked=&#8220;off&#8220; global_colors_info=&#8220;{}&#8220;][et_pb_row custom_padding_last_edited=&#8220;off|desktop&#8220; module_class=&#8220;reference_row&#8220; _builder_version=&#8220;4.24.0&#8243; _module_preset=&#8220;default&#8220; custom_padding=&#8220;0px||0px||false|false&#8220; global_colors_info=&#8220;{}&#8220;][et_pb_column type=&#8220;4_4&#8243; _builder_version=&#8220;4.24.0&#8243; _module_preset=&#8220;default&#8220; global_colors_info=&#8220;{}&#8220;][et_pb_text module_class=&#8220;h2_bold portfolio_title&#8220; _builder_version=&#8220;4.27.4&#8243; _module_preset=&#8220;default&#8220; header_2_font=&#8220;HelveticaNeueLTPro-Hv||||||||&#8220; custom_margin=&#8220;||0px||false|false&#8220; global_colors_info=&#8220;{}&#8220;] Publikationen [\/et_pb_text][et_pb_text module_class=&#8220;h2_normal portfolio_title&#8220; _builder_version=&#8220;4.24.0&#8243; _module_preset=&#8220;default&#8220; header_2_font=&#8220;HelveticaNeueLTPro-Roman||||||||&#8220; global_colors_info=&#8220;{}&#8220;][\/et_pb_text][\/et_pb_column][\/et_pb_row][\/et_pb_section][et_pb_section fb_built=&#8220;1&#8243; _builder_version=&#8220;4.27.4&#8243; _module_preset=&#8220;default&#8220; custom_margin=&#8220;0px||0px||false|false&#8220; custom_padding=&#8220;0px||0px||false|false&#8220; global_colors_info=&#8220;{}&#8220;][et_pb_row _builder_version=&#8220;4.27.4&#8243; _module_preset=&#8220;default&#8220; custom_margin=&#8220;0px||0px||false|false&#8220; custom_padding=&#8220;0px||0px||false|false&#8220; global_colors_info=&#8220;{}&#8220;][et_pb_column type=&#8220;4_4&#8243; _builder_version=&#8220;4.27.4&#8243; _module_preset=&#8220;default&#8220; global_colors_info=&#8220;{}&#8220;][et_pb_code _builder_version=&#8220;4.27.4&#8243; _module_preset=&#8220;default&#8220; custom_margin=&#8220;0px||0px||false|false&#8220; custom_padding=&#8220;0px||0px||false|false&#8220; global_colors_info=&#8220;{}&#8220;] [&hellip;]<\/p>\n","protected":false},"author":1,"featured_media":0,"parent":0,"menu_order":17,"comment_status":"closed","ping_status":"closed","template":"","meta":{"_acf_changed":false,"_et_pb_use_builder":"on","_et_pb_old_content":"","_et_gb_content_width":"","footnotes":""},"class_list":["post-113775","page","type-page","status-publish","hentry"],"acf":[],"yoast_head":"<!-- This site is optimized with the Yoast SEO plugin v27.4 - https:\/\/yoast.com\/product\/yoast-seo-wordpress\/ -->\n<title>Publikationen &#8211; BUSS ChemTech AG<\/title>\n<meta name=\"description\" content=\"Publikationen\" \/>\n<meta name=\"robots\" content=\"index, follow, max-snippet:-1, max-image-preview:large, max-video-preview:-1\" \/>\n<link rel=\"canonical\" href=\"https:\/\/www.buss-ct.com\/de\/publikationen\/\" \/>\n<meta property=\"og:locale\" content=\"de_DE\" \/>\n<meta property=\"og:type\" content=\"article\" \/>\n<meta property=\"og:title\" content=\"Publikationen &#8211; BUSS ChemTech AG\" \/>\n<meta property=\"og:description\" content=\"Publikationen\" \/>\n<meta property=\"og:url\" content=\"https:\/\/www.buss-ct.com\/de\/publikationen\/\" \/>\n<meta property=\"og:site_name\" content=\"BUSS ChemTech AG\" \/>\n<meta property=\"article:modified_time\" content=\"2025-07-21T14:13:47+00:00\" \/>\n<meta name=\"twitter:card\" content=\"summary_large_image\" \/>\n<meta name=\"twitter:label1\" content=\"Gesch\u00e4tzte Lesezeit\" \/>\n\t<meta name=\"twitter:data1\" content=\"1\u00a0Minute\" \/>\n<script type=\"application\/ld+json\" class=\"yoast-schema-graph\">{\"@context\":\"https:\\\/\\\/schema.org\",\"@graph\":[{\"@type\":\"WebPage\",\"@id\":\"https:\\\/\\\/www.buss-ct.com\\\/de\\\/publikationen\\\/\",\"url\":\"https:\\\/\\\/www.buss-ct.com\\\/de\\\/publikationen\\\/\",\"name\":\"Publikationen &#8211; BUSS ChemTech AG\",\"isPartOf\":{\"@id\":\"https:\\\/\\\/www.buss-ct.com\\\/de\\\/#website\"},\"datePublished\":\"2025-07-15T08:38:12+00:00\",\"dateModified\":\"2025-07-21T14:13:47+00:00\",\"description\":\"Publikationen\",\"breadcrumb\":{\"@id\":\"https:\\\/\\\/www.buss-ct.com\\\/de\\\/publikationen\\\/#breadcrumb\"},\"inLanguage\":\"de\",\"potentialAction\":[{\"@type\":\"ReadAction\",\"target\":[\"https:\\\/\\\/www.buss-ct.com\\\/de\\\/publikationen\\\/\"]}]},{\"@type\":\"BreadcrumbList\",\"@id\":\"https:\\\/\\\/www.buss-ct.com\\\/de\\\/publikationen\\\/#breadcrumb\",\"itemListElement\":[{\"@type\":\"ListItem\",\"position\":1,\"name\":\"Startseite\",\"item\":\"https:\\\/\\\/www.buss-ct.com\\\/de\\\/\"},{\"@type\":\"ListItem\",\"position\":2,\"name\":\"Publikationen\"}]},{\"@type\":\"WebSite\",\"@id\":\"https:\\\/\\\/www.buss-ct.com\\\/de\\\/#website\",\"url\":\"https:\\\/\\\/www.buss-ct.com\\\/de\\\/\",\"name\":\"BUSS ChemTech AG\",\"description\":\"Process Development and Technology Company\",\"publisher\":{\"@id\":\"https:\\\/\\\/www.buss-ct.com\\\/de\\\/#organization\"},\"potentialAction\":[{\"@type\":\"SearchAction\",\"target\":{\"@type\":\"EntryPoint\",\"urlTemplate\":\"https:\\\/\\\/www.buss-ct.com\\\/de\\\/?s={search_term_string}\"},\"query-input\":{\"@type\":\"PropertyValueSpecification\",\"valueRequired\":true,\"valueName\":\"search_term_string\"}}],\"inLanguage\":\"de\"},{\"@type\":\"Organization\",\"@id\":\"https:\\\/\\\/www.buss-ct.com\\\/de\\\/#organization\",\"name\":\"BUSS ChemTech AG\",\"url\":\"https:\\\/\\\/www.buss-ct.com\\\/de\\\/\",\"logo\":{\"@type\":\"ImageObject\",\"inLanguage\":\"de\",\"@id\":\"https:\\\/\\\/www.buss-ct.com\\\/de\\\/#\\\/schema\\\/logo\\\/image\\\/\",\"url\":\"\",\"contentUrl\":\"\",\"caption\":\"BUSS ChemTech AG\"},\"image\":{\"@id\":\"https:\\\/\\\/www.buss-ct.com\\\/de\\\/#\\\/schema\\\/logo\\\/image\\\/\"}}]}<\/script>\n<!-- \/ Yoast SEO plugin. -->","yoast_head_json":{"title":"Publikationen &#8211; BUSS ChemTech AG","description":"Publikationen","robots":{"index":"index","follow":"follow","max-snippet":"max-snippet:-1","max-image-preview":"max-image-preview:large","max-video-preview":"max-video-preview:-1"},"canonical":"https:\/\/www.buss-ct.com\/de\/publikationen\/","og_locale":"de_DE","og_type":"article","og_title":"Publikationen &#8211; BUSS ChemTech AG","og_description":"Publikationen","og_url":"https:\/\/www.buss-ct.com\/de\/publikationen\/","og_site_name":"BUSS ChemTech AG","article_modified_time":"2025-07-21T14:13:47+00:00","twitter_card":"summary_large_image","twitter_misc":{"Gesch\u00e4tzte Lesezeit":"1\u00a0Minute"},"schema":{"@context":"https:\/\/schema.org","@graph":[{"@type":"WebPage","@id":"https:\/\/www.buss-ct.com\/de\/publikationen\/","url":"https:\/\/www.buss-ct.com\/de\/publikationen\/","name":"Publikationen &#8211; BUSS ChemTech AG","isPartOf":{"@id":"https:\/\/www.buss-ct.com\/de\/#website"},"datePublished":"2025-07-15T08:38:12+00:00","dateModified":"2025-07-21T14:13:47+00:00","description":"Publikationen","breadcrumb":{"@id":"https:\/\/www.buss-ct.com\/de\/publikationen\/#breadcrumb"},"inLanguage":"de","potentialAction":[{"@type":"ReadAction","target":["https:\/\/www.buss-ct.com\/de\/publikationen\/"]}]},{"@type":"BreadcrumbList","@id":"https:\/\/www.buss-ct.com\/de\/publikationen\/#breadcrumb","itemListElement":[{"@type":"ListItem","position":1,"name":"Startseite","item":"https:\/\/www.buss-ct.com\/de\/"},{"@type":"ListItem","position":2,"name":"Publikationen"}]},{"@type":"WebSite","@id":"https:\/\/www.buss-ct.com\/de\/#website","url":"https:\/\/www.buss-ct.com\/de\/","name":"BUSS ChemTech AG","description":"Process Development and Technology Company","publisher":{"@id":"https:\/\/www.buss-ct.com\/de\/#organization"},"potentialAction":[{"@type":"SearchAction","target":{"@type":"EntryPoint","urlTemplate":"https:\/\/www.buss-ct.com\/de\/?s={search_term_string}"},"query-input":{"@type":"PropertyValueSpecification","valueRequired":true,"valueName":"search_term_string"}}],"inLanguage":"de"},{"@type":"Organization","@id":"https:\/\/www.buss-ct.com\/de\/#organization","name":"BUSS ChemTech AG","url":"https:\/\/www.buss-ct.com\/de\/","logo":{"@type":"ImageObject","inLanguage":"de","@id":"https:\/\/www.buss-ct.com\/de\/#\/schema\/logo\/image\/","url":"","contentUrl":"","caption":"BUSS ChemTech AG"},"image":{"@id":"https:\/\/www.buss-ct.com\/de\/#\/schema\/logo\/image\/"}}]}},"_links":{"self":[{"href":"https:\/\/www.buss-ct.com\/de\/wp-json\/wp\/v2\/pages\/113775","targetHints":{"allow":["GET"]}}],"collection":[{"href":"https:\/\/www.buss-ct.com\/de\/wp-json\/wp\/v2\/pages"}],"about":[{"href":"https:\/\/www.buss-ct.com\/de\/wp-json\/wp\/v2\/types\/page"}],"author":[{"embeddable":true,"href":"https:\/\/www.buss-ct.com\/de\/wp-json\/wp\/v2\/users\/1"}],"replies":[{"embeddable":true,"href":"https:\/\/www.buss-ct.com\/de\/wp-json\/wp\/v2\/comments?post=113775"}],"version-history":[{"count":6,"href":"https:\/\/www.buss-ct.com\/de\/wp-json\/wp\/v2\/pages\/113775\/revisions"}],"predecessor-version":[{"id":113804,"href":"https:\/\/www.buss-ct.com\/de\/wp-json\/wp\/v2\/pages\/113775\/revisions\/113804"}],"wp:attachment":[{"href":"https:\/\/www.buss-ct.com\/de\/wp-json\/wp\/v2\/media?parent=113775"}],"curies":[{"name":"wp","href":"https:\/\/api.w.org\/{rel}","templated":true}]}}