{"id":112124,"date":"2024-05-14T12:31:13","date_gmt":"2024-05-14T10:31:13","guid":{"rendered":"https:\/\/www.buss-ct.com\/impressum\/"},"modified":"2025-05-23T03:42:12","modified_gmt":"2025-05-23T01:42:12","slug":"impressum","status":"publish","type":"page","link":"https:\/\/www.buss-ct.com\/de\/impressum\/","title":{"rendered":"Impressum"},"content":{"rendered":"<p>[et_pb_section fb_built=&#8220;1&#8243; disabled_on=&#8220;off|off|off&#8220; admin_label=&#8220;Header&#8220; module_class=&#8220;header_image&#8220; _builder_version=&#8220;4.25.1&#8243; _module_preset=&#8220;default&#8220; background_image=&#8220;https:\/\/www.buss-ct.com\/wp-content\/uploads\/2024\/06\/freepik_952423f6622d_blue-image-factory-with-large-factory-background_1638-x-446.jpg&#8220; custom_margin=&#8220;0px||0px||false|false&#8220; custom_padding=&#8220;0px||0px||false|false&#8220; locked=&#8220;off&#8220; global_colors_info=&#8220;{}&#8220; custom_css_main_element_last_edited=&#8220;off|desktop&#8220; custom_css_main_element_tablet=&#8220;height: 270px;&#8220; custom_css_main_element_phone=&#8220;height: 219px;&#8220;][et_pb_row disabled_on=&#8220;off|off|off&#8220; module_class=&#8220;fw_row header_title_row&#8220; _builder_version=&#8220;4.24.0&#8243; _module_preset=&#8220;default&#8220; background_enable_color=&#8220;off&#8220; positioning=&#8220;none&#8220; position_origin_a=&#8220;bottom_center&#8220; custom_margin=&#8220;||||false|false&#8220; custom_padding=&#8220;||||false|false&#8220; global_colors_info=&#8220;{}&#8220;][et_pb_column type=&#8220;4_4&#8243; module_class=&#8220;header_title_col&#8220; _builder_version=&#8220;4.24.0&#8243; _module_preset=&#8220;default&#8220; global_colors_info=&#8220;{}&#8220;][\/et_pb_column][\/et_pb_row][et_pb_row module_id=&#8220;kx_row_margin&#8220; _builder_version=&#8220;4.24.0&#8243; _module_preset=&#8220;default&#8220; positioning=&#8220;none&#8220; global_colors_info=&#8220;{}&#8220;][et_pb_column type=&#8220;4_4&#8243; _builder_version=&#8220;4.24.0&#8243; _module_preset=&#8220;default&#8220; global_colors_info=&#8220;{}&#8220;][et_pb_text module_class=&#8220;header_title_title&#8220; _builder_version=&#8220;4.25.1&#8243; _dynamic_attributes=&#8220;content&#8220; _module_preset=&#8220;default&#8220; text_font=&#8220;HelveticaNeueLTPro-Hv||||||||&#8220; header_font=&#8220;HelveticaNeueLTPro-Hv||||||||&#8220; global_colors_info=&#8220;{}&#8220;]@ET-DC@eyJkeW5hbWljIjp0cnVlLCJjb250ZW50IjoicG9zdF90aXRsZSIsInNldHRpbmdzIjp7ImJlZm9yZSI6IiIsImFmdGVyIjoiIiwiZW5hYmxlX2h0bWwiOiJvZmYifX0=@[\/et_pb_text][\/et_pb_column][\/et_pb_row][\/et_pb_section][et_pb_section fb_built=&#8220;1&#8243; custom_padding_last_edited=&#8220;off|tablet&#8220; disabled_on=&#8220;off|off|off&#8220; admin_label=&#8220;Text \/ Image&#8220; _builder_version=&#8220;4.24.0&#8243; _module_preset=&#8220;default&#8220; background_color=&#8220;#FFFFFF&#8220; custom_margin=&#8220;0px||0px||false|false&#8220; custom_padding=&#8220;0px||0px||false|false&#8220; custom_padding_tablet=&#8220;150px||150px||false|false&#8220; custom_padding_phone=&#8220;75px||75px||true|false&#8220; locked=&#8220;off&#8220; global_colors_info=&#8220;{}&#8220;][et_pb_row column_structure=&#8220;1_2,1_2&#8243; custom_padding_last_edited=&#8220;off|phone&#8220; module_id=&#8220;text_image_row_1&#8243; module_class=&#8220;text_image_row&#8220; _builder_version=&#8220;4.24.0&#8243; _module_preset=&#8220;default&#8220; custom_padding_tablet=&#8220;0px||75px||false|false&#8220; global_colors_info=&#8220;{}&#8220;][et_pb_column type=&#8220;1_2&#8243; module_class=&#8220;text_image_content&#8220; _builder_version=&#8220;4.24.0&#8243; _module_preset=&#8220;default&#8220; global_colors_info=&#8220;{}&#8220;][et_pb_text module_class=&#8220;text_image_content_subtitle&#8220; _builder_version=&#8220;4.27.4&#8243; _module_preset=&#8220;default&#8220; text_font=&#8220;HelveticaNeueLTPro-Roman||||||||&#8220; text_text_color=&#8220;#000000&#8243; text_font_size=&#8220;24px&#8220; header_3_font=&#8220;HelveticaNeueLTPro-Bd||||||||&#8220; custom_margin_tablet=&#8220;0px||25px||false|false&#8220; custom_margin_phone=&#8220;0px||25px||false|false&#8220; custom_margin_last_edited=&#8220;off|desktop&#8220; custom_padding=&#8220;||||false|false&#8220; custom_padding_tablet=&#8220;0px||0px||false|false&#8220; custom_padding_last_edited=&#8220;off|tablet&#8220; text_font_tablet=&#8220;HelveticaNeueLTPro-Roman||||||||&#8220; text_font_phone=&#8220;HelveticaNeueLTPro-Bd||||||||&#8220; text_font_last_edited=&#8220;on|phone&#8220; text_font_size_tablet=&#8220;24px&#8220; text_font_size_phone=&#8220;18px&#8220; text_font_size_last_edited=&#8220;off|tablet&#8220; global_colors_info=&#8220;{}&#8220; custom_css_main_element_last_edited=&#8220;off|tablet&#8220; custom_css_main_element_phone=&#8220;width: 314px;||height: 152px;&#8220;]<\/p>\n<h3><span>BUSS ChemTech AG<\/span><\/h3>\n<p>[\/et_pb_text][et_pb_text module_class=&#8220;text_image_content_text&#8220; _builder_version=&#8220;4.27.4&#8243; _module_preset=&#8220;default&#8220; text_font=&#8220;HelveticaNeueLTPro-Roman||||||||&#8220; text_text_color=&#8220;#000000&#8243; text_font_size=&#8220;18px&#8220; header_3_font=&#8220;HelveticaNeueLTPro-Bd||||||||&#8220; header_3_font_size=&#8220;18px&#8220; custom_margin=&#8220;0px||0px||false|false&#8220; custom_padding=&#8220;0px||0px||false|false&#8220; hover_enabled=&#8220;0&#8243; text_font_size_tablet=&#8220;18px&#8220; text_font_size_phone=&#8220;14px&#8220; text_font_size_last_edited=&#8220;on|phone&#8220; header_3_font_size_tablet=&#8220;18px&#8220; header_3_font_size_phone=&#8220;14px&#8220; header_3_font_size_last_edited=&#8220;on|phone&#8220; global_colors_info=&#8220;{}&#8220; custom_css_main_element_last_edited=&#8220;off|phone&#8220; sticky_enabled=&#8220;0&#8243;]<\/p>\n<p>Hohenrainstrasse 12A<br \/>CH-4133 Pratteln<br \/>Schweiz<\/p>\n<p>Telefon: +41 61 825 64 62<br \/>Fax: +41 61 825 67 37<\/p>\n<p>Eingetragen im Handelsregister des Kantons Basel Landschaft:<br \/>CHE-280.3.009.390-3<\/p>\n<p>&nbsp;<\/p>\n<h3>Inhalt<\/h3>\n<p>BUSS ChemTech AG<br \/>Hohenrainstrasse 12A<br \/>CH-4133 Pratteln<br \/><a href=\"mailto:info@buss-ct.com?subject=BUSS%20ChemTech%20Website%20Inquiry\">info@buss-ct.com<\/a><\/p>\n<p>&nbsp;<\/p>\n<h3>Webdesign<\/h3>\n<p>designersfactory AG<br \/>Mattenstrasse 24<br \/>CH-4058 Basel<br \/><a href=\"http:\/\/www.designersfactory.com\" target=\"_blank\" rel=\"noopener\">www.designersfactory.com<\/a><\/p>\n<p>&nbsp;<\/p>\n<h3>Technische Umsetzung<\/h3>\n<p>Klixa IT GmbH<br \/>Eptingerstrasse 41<br \/>CH-4132 Muttenz<br \/><a href=\"http:\/\/www.klixa-it.ch\" target=\"_blank\" rel=\"noopener\" title=\"Klixa IT\">www.klixa-it.ch<\/a><\/p>\n<p>&nbsp;<\/p>\n<p>Copyright: BUSS ChemTech AG<\/p>\n<p>&nbsp;<\/p>\n<h3>Wichtige rechtliche Informationen:<\/h3>\n<p>Die BUSS ChemTech AG pr\u00fcft und aktualisiert die Informationen auf ihrer Website regelm\u00e4ssig. Trotz aller Sorgfalt k\u00f6nnen sich die Daten in der Zwischenzeit ge\u00e4ndert haben. Eine Haftung oder Garantie f\u00fcr die Aktualit\u00e4t, Richtigkeit und Vollst\u00e4ndigkeit der zur Verf\u00fcgung gestellten Informationen kann daher nicht \u00fcbernommen werden. Gleiches gilt f\u00fcr alle anderen Websites, auf die mittels Hyperlinks verwiesen wird. Die BUSS ChemTech AG ist f\u00fcr den Inhalt der Websites, die \u00fcber solche Links oder Verweise aufgerufen werden, nicht verantwortlich.    <\/p>\n<p>Des Weiteren beh\u00e4lt sich die BUSS ChemTech AG das Recht vor, die bereitgestellten Informationen zu \u00e4ndern oder zu erg\u00e4nzen.<\/p>\n<p>Inhalt und Struktur der Webseiten der BUSS ChemTech AG sind urheberrechtlich gesch\u00fctzt. Die Vervielf\u00e4ltigung von Informationen oder Daten, insbesondere die Verwendung von Texten, Textteilen oder Bildmaterial, bedarf der vorherigen Zustimmung durch die BUSS ChemTech AG. <\/p>\n<p>[\/et_pb_text][\/et_pb_column][et_pb_column type=&#8220;1_2&#8243; module_class=&#8220;text_image_image&#8220; _builder_version=&#8220;4.24.0&#8243; _module_preset=&#8220;default&#8220; global_colors_info=&#8220;{}&#8220;][\/et_pb_column][\/et_pb_row][\/et_pb_section]<\/p>\n","protected":false},"excerpt":{"rendered":"<p>BUSS ChemTech AGHohenrainstrasse 12ACH-4133 PrattelnSchweiz Telefon: +41 61 825 64 62Fax: +41 61 825 67 37 Eingetragen im Handelsregister des Kantons Basel Landschaft:CHE-280.3.009.390-3 &nbsp; Inhalt BUSS ChemTech AGHohenrainstrasse 12ACH-4133 Prattelninfo@buss-ct.com &nbsp; Webdesign designersfactory AGMattenstrasse 24CH-4058 Baselwww.designersfactory.com &nbsp; Technische Umsetzung Klixa IT GmbHEptingerstrasse 41CH-4132 Muttenzwww.klixa-it.ch &nbsp; Copyright: BUSS ChemTech AG &nbsp; Wichtige rechtliche Informationen: Die BUSS [&hellip;]<\/p>\n","protected":false},"author":11,"featured_media":0,"parent":0,"menu_order":20,"comment_status":"closed","ping_status":"closed","template":"","meta":{"_acf_changed":false,"_et_pb_use_builder":"on","_et_pb_old_content":"","_et_gb_content_width":"","footnotes":""},"class_list":["post-112124","page","type-page","status-publish","hentry"],"acf":[],"yoast_head":"<!-- This site is optimized with the Yoast SEO plugin v27.2 - https:\/\/yoast.com\/product\/yoast-seo-wordpress\/ -->\n<title>Impressum &#8211; BUSS ChemTech AG<\/title>\n<meta name=\"description\" content=\"BUSS ChemTech ist allein verantwortlich f\u00fcr den Inhalt dieser Webseite. Wenn Sie Fragen oder Bedenken haben, kontaktieren Sie uns bitte unter marketing@buss-ct.com.\" \/>\n<meta name=\"robots\" content=\"index, follow, max-snippet:-1, max-image-preview:large, max-video-preview:-1\" \/>\n<link rel=\"canonical\" href=\"https:\/\/www.buss-ct.com\/de\/impressum\/\" \/>\n<meta property=\"og:locale\" content=\"de_DE\" \/>\n<meta property=\"og:type\" content=\"article\" \/>\n<meta property=\"og:title\" content=\"Impressum &#8211; BUSS ChemTech AG\" \/>\n<meta property=\"og:description\" content=\"BUSS ChemTech ist allein verantwortlich f\u00fcr den Inhalt dieser Webseite. Wenn Sie Fragen oder Bedenken haben, kontaktieren Sie uns bitte unter marketing@buss-ct.com.\" \/>\n<meta property=\"og:url\" content=\"https:\/\/www.buss-ct.com\/de\/impressum\/\" \/>\n<meta property=\"og:site_name\" content=\"BUSS ChemTech AG\" \/>\n<meta property=\"article:modified_time\" content=\"2025-05-23T01:42:12+00:00\" \/>\n<meta name=\"twitter:card\" content=\"summary_large_image\" \/>\n<meta name=\"twitter:label1\" content=\"Gesch\u00e4tzte Lesezeit\" \/>\n\t<meta name=\"twitter:data1\" content=\"4\u00a0Minuten\" \/>\n<script type=\"application\/ld+json\" class=\"yoast-schema-graph\">{\"@context\":\"https:\/\/schema.org\",\"@graph\":[{\"@type\":\"WebPage\",\"@id\":\"https:\/\/www.buss-ct.com\/de\/impressum\/\",\"url\":\"https:\/\/www.buss-ct.com\/de\/impressum\/\",\"name\":\"Impressum &#8211; BUSS ChemTech AG\",\"isPartOf\":{\"@id\":\"https:\/\/www.buss-ct.com\/de\/#website\"},\"datePublished\":\"2024-05-14T10:31:13+00:00\",\"dateModified\":\"2025-05-23T01:42:12+00:00\",\"description\":\"BUSS ChemTech ist allein verantwortlich f\u00fcr den Inhalt dieser Webseite. Wenn Sie Fragen oder Bedenken haben, kontaktieren Sie uns bitte unter marketing@buss-ct.com.\",\"breadcrumb\":{\"@id\":\"https:\/\/www.buss-ct.com\/de\/impressum\/#breadcrumb\"},\"inLanguage\":\"de\",\"potentialAction\":[{\"@type\":\"ReadAction\",\"target\":[\"https:\/\/www.buss-ct.com\/de\/impressum\/\"]}]},{\"@type\":\"BreadcrumbList\",\"@id\":\"https:\/\/www.buss-ct.com\/de\/impressum\/#breadcrumb\",\"itemListElement\":[{\"@type\":\"ListItem\",\"position\":1,\"name\":\"Startseite\",\"item\":\"https:\/\/www.buss-ct.com\/de\/\"},{\"@type\":\"ListItem\",\"position\":2,\"name\":\"Impressum\"}]},{\"@type\":\"WebSite\",\"@id\":\"https:\/\/www.buss-ct.com\/de\/#website\",\"url\":\"https:\/\/www.buss-ct.com\/de\/\",\"name\":\"BUSS ChemTech AG\",\"description\":\"Process Development and Technology Company\",\"publisher\":{\"@id\":\"https:\/\/www.buss-ct.com\/de\/#organization\"},\"potentialAction\":[{\"@type\":\"SearchAction\",\"target\":{\"@type\":\"EntryPoint\",\"urlTemplate\":\"https:\/\/www.buss-ct.com\/de\/?s={search_term_string}\"},\"query-input\":{\"@type\":\"PropertyValueSpecification\",\"valueRequired\":true,\"valueName\":\"search_term_string\"}}],\"inLanguage\":\"de\"},{\"@type\":\"Organization\",\"@id\":\"https:\/\/www.buss-ct.com\/de\/#organization\",\"name\":\"BUSS ChemTech AG\",\"url\":\"https:\/\/www.buss-ct.com\/de\/\",\"logo\":{\"@type\":\"ImageObject\",\"inLanguage\":\"de\",\"@id\":\"https:\/\/www.buss-ct.com\/de\/#\/schema\/logo\/image\/\",\"url\":\"\",\"contentUrl\":\"\",\"caption\":\"BUSS ChemTech AG\"},\"image\":{\"@id\":\"https:\/\/www.buss-ct.com\/de\/#\/schema\/logo\/image\/\"}}]}<\/script>\n<!-- \/ Yoast SEO plugin. -->","yoast_head_json":{"title":"Impressum &#8211; BUSS ChemTech AG","description":"BUSS ChemTech ist allein verantwortlich f\u00fcr den Inhalt dieser Webseite. Wenn Sie Fragen oder Bedenken haben, kontaktieren Sie uns bitte unter marketing@buss-ct.com.","robots":{"index":"index","follow":"follow","max-snippet":"max-snippet:-1","max-image-preview":"max-image-preview:large","max-video-preview":"max-video-preview:-1"},"canonical":"https:\/\/www.buss-ct.com\/de\/impressum\/","og_locale":"de_DE","og_type":"article","og_title":"Impressum &#8211; BUSS ChemTech AG","og_description":"BUSS ChemTech ist allein verantwortlich f\u00fcr den Inhalt dieser Webseite. Wenn Sie Fragen oder Bedenken haben, kontaktieren Sie uns bitte unter marketing@buss-ct.com.","og_url":"https:\/\/www.buss-ct.com\/de\/impressum\/","og_site_name":"BUSS ChemTech AG","article_modified_time":"2025-05-23T01:42:12+00:00","twitter_card":"summary_large_image","twitter_misc":{"Gesch\u00e4tzte Lesezeit":"4\u00a0Minuten"},"schema":{"@context":"https:\/\/schema.org","@graph":[{"@type":"WebPage","@id":"https:\/\/www.buss-ct.com\/de\/impressum\/","url":"https:\/\/www.buss-ct.com\/de\/impressum\/","name":"Impressum &#8211; BUSS ChemTech AG","isPartOf":{"@id":"https:\/\/www.buss-ct.com\/de\/#website"},"datePublished":"2024-05-14T10:31:13+00:00","dateModified":"2025-05-23T01:42:12+00:00","description":"BUSS ChemTech ist allein verantwortlich f\u00fcr den Inhalt dieser Webseite. Wenn Sie Fragen oder Bedenken haben, kontaktieren Sie uns bitte unter marketing@buss-ct.com.","breadcrumb":{"@id":"https:\/\/www.buss-ct.com\/de\/impressum\/#breadcrumb"},"inLanguage":"de","potentialAction":[{"@type":"ReadAction","target":["https:\/\/www.buss-ct.com\/de\/impressum\/"]}]},{"@type":"BreadcrumbList","@id":"https:\/\/www.buss-ct.com\/de\/impressum\/#breadcrumb","itemListElement":[{"@type":"ListItem","position":1,"name":"Startseite","item":"https:\/\/www.buss-ct.com\/de\/"},{"@type":"ListItem","position":2,"name":"Impressum"}]},{"@type":"WebSite","@id":"https:\/\/www.buss-ct.com\/de\/#website","url":"https:\/\/www.buss-ct.com\/de\/","name":"BUSS ChemTech AG","description":"Process Development and Technology Company","publisher":{"@id":"https:\/\/www.buss-ct.com\/de\/#organization"},"potentialAction":[{"@type":"SearchAction","target":{"@type":"EntryPoint","urlTemplate":"https:\/\/www.buss-ct.com\/de\/?s={search_term_string}"},"query-input":{"@type":"PropertyValueSpecification","valueRequired":true,"valueName":"search_term_string"}}],"inLanguage":"de"},{"@type":"Organization","@id":"https:\/\/www.buss-ct.com\/de\/#organization","name":"BUSS ChemTech AG","url":"https:\/\/www.buss-ct.com\/de\/","logo":{"@type":"ImageObject","inLanguage":"de","@id":"https:\/\/www.buss-ct.com\/de\/#\/schema\/logo\/image\/","url":"","contentUrl":"","caption":"BUSS ChemTech AG"},"image":{"@id":"https:\/\/www.buss-ct.com\/de\/#\/schema\/logo\/image\/"}}]}},"_links":{"self":[{"href":"https:\/\/www.buss-ct.com\/de\/wp-json\/wp\/v2\/pages\/112124","targetHints":{"allow":["GET"]}}],"collection":[{"href":"https:\/\/www.buss-ct.com\/de\/wp-json\/wp\/v2\/pages"}],"about":[{"href":"https:\/\/www.buss-ct.com\/de\/wp-json\/wp\/v2\/types\/page"}],"author":[{"embeddable":true,"href":"https:\/\/www.buss-ct.com\/de\/wp-json\/wp\/v2\/users\/11"}],"replies":[{"embeddable":true,"href":"https:\/\/www.buss-ct.com\/de\/wp-json\/wp\/v2\/comments?post=112124"}],"version-history":[{"count":19,"href":"https:\/\/www.buss-ct.com\/de\/wp-json\/wp\/v2\/pages\/112124\/revisions"}],"predecessor-version":[{"id":113043,"href":"https:\/\/www.buss-ct.com\/de\/wp-json\/wp\/v2\/pages\/112124\/revisions\/113043"}],"wp:attachment":[{"href":"https:\/\/www.buss-ct.com\/de\/wp-json\/wp\/v2\/media?parent=112124"}],"curies":[{"name":"wp","href":"https:\/\/api.w.org\/{rel}","templated":true}]}}